{"id":13044,"date":"2024-01-07T06:57:26","date_gmt":"2024-01-07T06:57:26","guid":{"rendered":"https:\/\/passagescoaching.ca\/?page_id=13044"},"modified":"2024-01-07T07:13:21","modified_gmt":"2024-01-07T07:13:21","slug":"politique-de-confidentialite","status":"publish","type":"page","link":"https:\/\/passagescoaching.ca\/?page_id=13044","title":{"rendered":"Politique de confidentialit\u00e9"},"content":{"rendered":"\t\t<div data-elementor-type=\"wp-page\" data-elementor-id=\"13044\" class=\"elementor elementor-13044\">\n\t\t\t\t\t\t<section class=\"elementor-section elementor-top-section elementor-element elementor-element-9851aab elementor-section-height-min-height elementor-section-boxed elementor-section-height-default elementor-section-items-middle wpr-particle-no wpr-jarallax-no wpr-parallax-no wpr-sticky-section-no\" data-id=\"9851aab\" data-element_type=\"section\" data-settings=\"{&quot;background_background&quot;:&quot;classic&quot;}\">\n\t\t\t\t\t\t\t<div class=\"elementor-background-overlay\"><\/div>\n\t\t\t\t\t\t\t<div class=\"elementor-container elementor-column-gap-default\">\n\t\t\t\t\t<div class=\"elementor-column elementor-col-100 elementor-top-column elementor-element elementor-element-e1726a4 elementor-invisible\" data-id=\"e1726a4\" data-element_type=\"column\" data-settings=\"{&quot;animation&quot;:&quot;fadeIn&quot;}\">\n\t\t\t<div class=\"elementor-widget-wrap elementor-element-populated\">\n\t\t\t\t\t\t<div class=\"elementor-element elementor-element-7fe714c elementor-widget__width-initial elementor-widget elementor-widget-heading\" data-id=\"7fe714c\" data-element_type=\"widget\" data-widget_type=\"heading.default\">\n\t\t\t\t<div class=\"elementor-widget-container\">\n\t\t\t\t\t<h2 class=\"elementor-heading-title elementor-size-default\">POLITIQUE DE CONFIDENTIALIT\u00c9<\/h2>\t\t\t\t<\/div>\n\t\t\t\t<\/div>\n\t\t\t\t\t<\/div>\n\t\t<\/div>\n\t\t\t\t\t<\/div>\n\t\t<\/section>\n\t\t\t\t<section class=\"elementor-section elementor-top-section elementor-element elementor-element-376df1b elementor-section-boxed elementor-section-height-default elementor-section-height-default wpr-particle-no wpr-jarallax-no wpr-parallax-no wpr-sticky-section-no\" data-id=\"376df1b\" data-element_type=\"section\">\n\t\t\t\t\t\t<div class=\"elementor-container elementor-column-gap-default\">\n\t\t\t\t\t<div class=\"elementor-column elementor-col-100 elementor-top-column elementor-element elementor-element-fe3e48b\" data-id=\"fe3e48b\" data-element_type=\"column\">\n\t\t\t<div class=\"elementor-widget-wrap elementor-element-populated\">\n\t\t\t\t\t\t<div class=\"elementor-element elementor-element-05d90d6 elementor-widget elementor-widget-text-editor\" data-id=\"05d90d6\" data-element_type=\"widget\" data-widget_type=\"text-editor.default\">\n\t\t\t\t<div class=\"elementor-widget-container\">\n\t\t\t\t\t\t\t\t\t<h1>PASSAGES COACHING INC.<\/h1><p>Devant le d\u00e9veloppement des nouveaux outils de communication, il est n\u00e9cessaire de porter une attention particuli\u00e8re \u00e0 la protection de la vie priv\u00e9e. C\u2019est pourquoi, nous nous engageons \u00e0 respecter la confidentialit\u00e9 des renseignements personnels que nous collectons.<\/p><p>\u00a0<\/p><h2 class=\"wp-block-heading\">COLLECTE DES RENSEIGNEMENTS PERSONNELS<\/h2><p>\u00a0<\/p><h4><strong class=\"privacy-policy-tutorial\">NOUS COLLECTONS LES RENSEIGNEMENTS SUIVANTS :<\/strong><\/h4><section class=\"elementor-section elementor-top-section elementor-element elementor-element-782a2a2 elementor-section-content-middle elementor-section-stretched elementor-section-boxed elementor-section-height-default elementor-section-height-default\" data-id=\"782a2a2\" data-element_type=\"section\" data-settings=\"{&quot;background_background&quot;:&quot;classic&quot;,&quot;stretch_section&quot;:&quot;section-stretched&quot;}\"><div class=\"elementor-container elementor-column-gap-no\"><div class=\"elementor-row\"><div class=\"elementor-column elementor-col-100 elementor-top-column elementor-element elementor-element-8d19222\" data-id=\"8d19222\" data-element_type=\"column\"><div class=\"elementor-column-wrap elementor-element-populated\"><div class=\"elementor-widget-wrap\"><div class=\"elementor-element elementor-element-cd59b46 elementor-widget elementor-widget-text-editor\" data-id=\"cd59b46\" data-element_type=\"widget\" data-widget_type=\"text-editor.default\"><div class=\"elementor-widget-container\"><div class=\"elementor-text-editor elementor-clearfix\"><ul><li>Nom<\/li><li>Pr\u00e9nom<\/li><li>Adresse postale<\/li><li>Code postal<\/li><li>Adresse \u00e9lectronique<\/li><li>Num\u00e9ro de t\u00e9l\u00e9phone<\/li><li>Genre \/ Sexe<\/li><li>\u00c2ge \/ Date de naissance<\/li><\/ul><p>Les renseignements personnels que nous collectons sont recueillis au travers des formulaires et gr\u00e2ce \u00e0 l\u2019interactivit\u00e9 \u00e9tablie entre vous et notre site Web. Nous utilisons \u00e9galement, comme indiqu\u00e9 dans la section suivante, des fichiers t\u00e9moins et\/ou journaux pour r\u00e9unir des informations vous concernant.<\/p><\/div><\/div><\/div><\/div><\/div><\/div><\/div><\/div><\/section><p>\u00a0<\/p><h2 class=\"wp-block-heading\">FORMULAIRE ET INT\u00c9RACTIVIT\u00c9<\/h2><div class=\"elementor-element elementor-element-3de4dde elementor-widget elementor-widget-heading\" data-id=\"3de4dde\" data-element_type=\"widget\" data-widget_type=\"heading.default\"><div class=\"elementor-widget-container\"><h4 class=\"elementor-heading-title elementor-size-default\">VOS RENSEIGNEMENTS PERSONNELS SONT COLLECT\u00c9S PAR LE BIAIS DE FORMULAIRE, \u00c0 SAVOIR ;<\/h4><\/div><\/div><section class=\"elementor-section elementor-inner-section elementor-element elementor-element-9803666 elementor-section-boxed elementor-section-height-default elementor-section-height-default\" data-id=\"9803666\" data-element_type=\"section\"><div class=\"elementor-container elementor-column-gap-default\"><div class=\"elementor-row\"><div class=\"elementor-column elementor-col-100 elementor-inner-column elementor-element elementor-element-cc23e7d\" data-id=\"cc23e7d\" data-element_type=\"column\"><div class=\"elementor-column-wrap elementor-element-populated\"><div class=\"elementor-widget-wrap\"><div class=\"elementor-element elementor-element-bc91bdd elementor-widget elementor-widget-text-editor\" data-id=\"bc91bdd\" data-element_type=\"widget\" data-widget_type=\"text-editor.default\"><div class=\"elementor-widget-container\"><div class=\"elementor-text-editor elementor-clearfix\"><ul><li>Formulaire d\u2019inscription au site Web<\/li><li>Formulaire d\u2019inscription \u00e0 l\u2019infolettre<\/li><li>Formulaire de commande<\/li><li>Sondage d\u2019opinion<\/li><li>Concours<\/li><\/ul><section class=\"elementor-section elementor-top-section elementor-element elementor-element-782a2a2 elementor-section-content-middle elementor-section-stretched elementor-section-boxed elementor-section-height-default elementor-section-height-default\" data-id=\"782a2a2\" data-element_type=\"section\" data-settings=\"{&quot;background_background&quot;:&quot;classic&quot;,&quot;stretch_section&quot;:&quot;section-stretched&quot;}\"><div class=\"elementor-container elementor-column-gap-no\"><div class=\"elementor-row\"><div class=\"elementor-column elementor-col-100 elementor-top-column elementor-element elementor-element-8d19222\" data-id=\"8d19222\" data-element_type=\"column\"><div class=\"elementor-column-wrap elementor-element-populated\"><div class=\"elementor-widget-wrap\"><div class=\"elementor-element elementor-element-cd59b46 elementor-widget elementor-widget-text-editor\" data-id=\"cd59b46\" data-element_type=\"widget\" data-widget_type=\"text-editor.default\"><div class=\"elementor-widget-container\">\u00a0<\/div><\/div><\/div><\/div><\/div><\/div><\/div><\/section><section class=\"elementor-section elementor-top-section elementor-element elementor-element-48d39c19 elementor-section-content-middle elementor-section-stretched elementor-section-boxed elementor-section-height-default elementor-section-height-default\" data-id=\"48d39c19\" data-element_type=\"section\" data-settings=\"{&quot;background_background&quot;:&quot;classic&quot;,&quot;stretch_section&quot;:&quot;section-stretched&quot;}\"><div class=\"elementor-container elementor-column-gap-no\"><div class=\"elementor-row\"><div class=\"elementor-column elementor-col-100 elementor-top-column elementor-element elementor-element-675296b4\" data-id=\"675296b4\" data-element_type=\"column\"><div class=\"elementor-column-wrap elementor-element-populated\"><div class=\"elementor-widget-wrap\"><section class=\"elementor-section elementor-inner-section elementor-element elementor-element-9803666 elementor-section-boxed elementor-section-height-default elementor-section-height-default\" data-id=\"9803666\" data-element_type=\"section\"><div class=\"elementor-container elementor-column-gap-default\"><div class=\"elementor-row\"><div class=\"elementor-column elementor-col-100 elementor-inner-column elementor-element elementor-element-cc23e7d\" data-id=\"cc23e7d\" data-element_type=\"column\"><div class=\"elementor-column-wrap elementor-element-populated\"><div class=\"elementor-widget-wrap\"><div class=\"elementor-element elementor-element-bc15ab9 elementor-widget elementor-widget-heading\" data-id=\"bc15ab9\" data-element_type=\"widget\" data-widget_type=\"heading.default\"><div class=\"elementor-widget-container\"><h4 class=\"elementor-heading-title elementor-size-default\">NOUS UTILISONS LES RENSEIGNEMENTS AINSI COLLECT\u00c9S POUR LES FINALIT\u00c9S SUIVANTES, \u00c0 SAVOIR:<\/h4><\/div><\/div><div class=\"elementor-element elementor-element-fac163e elementor-widget elementor-widget-text-editor\" data-id=\"fac163e\" data-element_type=\"widget\" data-widget_type=\"text-editor.default\"><div class=\"elementor-widget-container\"><div class=\"elementor-text-editor elementor-clearfix\"><ul><li>Suivi de la commande<\/li><li>Informations \/ Offres promotionnelles<\/li><li>Statistiques<\/li><li>Contact<\/li><li>Gestion du site Web (pr\u00e9sentation, organisation)<\/li><\/ul><div>\u00a0<\/div><\/div><\/div><\/div><div class=\"elementor-element elementor-element-05b672e elementor-widget elementor-widget-heading\" data-id=\"05b672e\" data-element_type=\"widget\" data-widget_type=\"heading.default\"><div class=\"elementor-widget-container\"><h4 class=\"elementor-heading-title elementor-size-default\">VOS RENSEIGNEMENTS SONT \u00c9GALEMENT COLLECT\u00c9S PAR LE BIAIS DE L\u2019INTERACTIVIT\u00c9 POUVANT S\u2019\u00c9TABLIR ENTRE VOUS ET NOTRE SITE WEB ET CE, DE LA FA\u00c7ON SUIVANTE:<\/h4><\/div><\/div><div class=\"elementor-element elementor-element-b12da2e elementor-widget elementor-widget-text-editor\" data-id=\"b12da2e\" data-element_type=\"widget\" data-widget_type=\"text-editor.default\"><div class=\"elementor-widget-container\"><div class=\"elementor-text-editor elementor-clearfix\"><ul><li>Statistiques<\/li><li>Contact<\/li><li>Gestion du site Web (pr\u00e9sentation, organisation)<\/li><\/ul><div>\u00a0<\/div><\/div><\/div><\/div><div class=\"elementor-element elementor-element-da9f75b elementor-widget elementor-widget-heading\" data-id=\"da9f75b\" data-element_type=\"widget\" data-widget_type=\"heading.default\"><div class=\"elementor-widget-container\"><h4 class=\"elementor-heading-title elementor-size-default\">NOUS UTILISONS LES RENSEIGNEMENTS AINSI COLLECT\u00c9S POUR LES FINALIT\u00c9S SUIVANTES, \u00c0 SAVOIR :<\/h4><\/div><\/div><div class=\"elementor-element elementor-element-7ece7e3 elementor-widget elementor-widget-text-editor\" data-id=\"7ece7e3\" data-element_type=\"widget\" data-widget_type=\"text-editor.default\"><div class=\"elementor-widget-container\"><div class=\"elementor-text-editor elementor-clearfix\"><ul><li>Forum ou aire de discussion<\/li><li>Commentaires<\/li><li>Correspondance<\/li><li>Informations<\/li><li>Offres promotionnelles<\/li><\/ul><\/div><\/div><\/div><\/div><\/div><\/div><\/div><\/div><\/section><\/div><\/div><\/div><\/div><\/div><\/section><\/div><\/div><\/div><div class=\"elementor-element elementor-element-bc15ab9 elementor-widget elementor-widget-heading\" data-id=\"bc15ab9\" data-element_type=\"widget\" data-widget_type=\"heading.default\"><div class=\"elementor-widget-container\"><h4 class=\"elementor-heading-title elementor-size-default\">\u00a0<\/h4><\/div><\/div><\/div><\/div><\/div><\/div><\/div><\/section><p>\u00a0<\/p><h2 class=\"wp-block-heading\">DROIT D\u2019OPPOSITION ET DE RETRAIT<\/h2><section class=\"elementor-section elementor-top-section elementor-element elementor-element-761fc0fe elementor-section-content-middle elementor-section-stretched elementor-section-boxed elementor-section-height-default elementor-section-height-default\" data-id=\"761fc0fe\" data-element_type=\"section\" data-settings=\"{&quot;background_background&quot;:&quot;classic&quot;,&quot;stretch_section&quot;:&quot;section-stretched&quot;}\"><div class=\"elementor-container elementor-column-gap-no\"><div class=\"elementor-row\"><div class=\"elementor-column elementor-col-100 elementor-top-column elementor-element elementor-element-595ed3fe\" data-id=\"595ed3fe\" data-element_type=\"column\"><div class=\"elementor-column-wrap elementor-element-populated\"><div class=\"elementor-widget-wrap\"><div class=\"elementor-element elementor-element-326235d elementor-widget elementor-widget-text-editor\" data-id=\"326235d\" data-element_type=\"widget\" data-widget_type=\"text-editor.default\"><div class=\"elementor-widget-container\"><div class=\"elementor-text-editor elementor-clearfix\"><p>Nous nous engageons \u00e0 vous offrir un droit d\u2019opposition et de retrait quant \u00e0 vos renseignements personnels. Le droit d\u2019opposition s\u2019entend comme \u00e9tant la possibilit\u00e9 offerte aux internautes de refuser que leurs renseignements personnels soient utilis\u00e9s \u00e0 certaines fins mentionn\u00e9es lors de la collecte. Pour pouvoir exercer ces droits, vous pouvez contacter la compagnie par courrier \u00e9lectronique (luc.lafontaine@passagescoaching.com) ou par t\u00e9l\u00e9phone (438 998-2302).<\/p><\/div><\/div><\/div><div class=\"elementor-element elementor-element-9439291 elementor-widget elementor-widget-text-editor\" data-id=\"9439291\" data-element_type=\"widget\" data-widget_type=\"text-editor.default\"><div class=\"elementor-widget-container\"><div class=\"elementor-text-editor elementor-clearfix\"><div>Le droit de retrait s\u2019entend comme \u00e9tant la possibilit\u00e9 offerte aux internautes de demander \u00e0 ce que leurs renseignements personnels ne figurent plus, par exemple, dans une liste de diffusion.\u00a0<\/div><div>\u00a0<\/div><\/div><\/div><\/div><\/div><\/div><\/div><\/div><\/div><\/section><p>\u00a0<\/p><h2 class=\"wp-block-heading\">S\u00c9CURIT\u00c9<\/h2><section class=\"elementor-section elementor-top-section elementor-element elementor-element-55724da elementor-section-content-middle elementor-section-stretched elementor-section-boxed elementor-section-height-default elementor-section-height-default\" data-id=\"55724da\" data-element_type=\"section\" data-settings=\"{&quot;background_background&quot;:&quot;classic&quot;,&quot;stretch_section&quot;:&quot;section-stretched&quot;}\"><div class=\"elementor-container elementor-column-gap-no\"><div class=\"elementor-row\"><div class=\"elementor-column elementor-col-100 elementor-top-column elementor-element elementor-element-e16930c\" data-id=\"e16930c\" data-element_type=\"column\"><div class=\"elementor-column-wrap elementor-element-populated\"><div class=\"elementor-widget-wrap\"><div class=\"elementor-element elementor-element-8756f63 elementor-widget elementor-widget-text-editor\" data-id=\"8756f63\" data-element_type=\"widget\" data-widget_type=\"text-editor.default\"><div class=\"elementor-widget-container\"><div class=\"elementor-text-editor elementor-clearfix\"><div><p>Les renseignements personnels que nous collectons sont conserv\u00e9s dans un environnement s\u00e9curis\u00e9. Les personnes travaillant pour nous (fournisseurs web) sont tenues de respecter la confidentialit\u00e9 de vos informations. Pour assurer la s\u00e9curit\u00e9 de vos renseignements personnels, nous avons recours au Protocole SSL (Secure Sockets Layer).\u00a0Nous nous engageons \u00e0 maintenir un haut degr\u00e9 de confidentialit\u00e9 en int\u00e9grant les derni\u00e8res innovations technologiques permettant d\u2019assurer la confidentialit\u00e9 de vos transactions. Toutefois, comme aucun m\u00e9canisme n\u2019offre une s\u00e9curit\u00e9 maximale, une part de risque est toujours pr\u00e9sente lorsque l\u2019on utilise Internet pour transmettre des renseignements personnels.<\/p><\/div><\/div><\/div><\/div><\/div><\/div><\/div><\/div><\/div><\/section><p>\u00a0<\/p><p>\u00a0<\/p><h2 class=\"wp-block-heading\">LABEL<\/h2><section class=\"elementor-section elementor-top-section elementor-element elementor-element-aad4ec6 elementor-section-content-middle elementor-section-stretched elementor-section-boxed elementor-section-height-default elementor-section-height-default\" data-id=\"aad4ec6\" data-element_type=\"section\" data-settings=\"{&quot;background_background&quot;:&quot;classic&quot;,&quot;stretch_section&quot;:&quot;section-stretched&quot;}\"><div class=\"elementor-container elementor-column-gap-no\"><div class=\"elementor-row\"><div class=\"elementor-column elementor-col-100 elementor-top-column elementor-element elementor-element-3e224c1\" data-id=\"3e224c1\" data-element_type=\"column\"><div class=\"elementor-column-wrap elementor-element-populated\"><div class=\"elementor-widget-wrap\"><div class=\"elementor-element elementor-element-71c0c7b elementor-widget elementor-widget-text-editor\" data-id=\"71c0c7b\" data-element_type=\"widget\" data-widget_type=\"text-editor.default\"><div class=\"elementor-widget-container\"><div class=\"elementor-text-editor elementor-clearfix\"><div><p>Nos engagements en mati\u00e8re de protection des renseignements personnels r\u00e9pondent aux exigences de la politique de confidentialit\u00e9 de Passages Coaching Inc.<\/p><\/div><\/div><\/div><\/div><\/div><\/div><\/div><\/div><\/div><\/section>\t\t\t\t\t\t\t\t<\/div>\n\t\t\t\t<\/div>\n\t\t\t\t\t<\/div>\n\t\t<\/div>\n\t\t\t\t\t<\/div>\n\t\t<\/section>\n\t\t\t\t<\/div>\n\t\t","protected":false},"excerpt":{"rendered":"<p>POLITIQUE DE CONFIDENTIALIT\u00c9 PASSAGES COACHING INC. Devant le d\u00e9veloppement des&hellip;<\/p>\n<p> <a class=\"more-link\" href=\"https:\/\/passagescoaching.ca\/?page_id=13044\">Lire la suite<\/a><\/p>\n","protected":false},"author":1,"featured_media":0,"parent":0,"menu_order":0,"comment_status":"closed","ping_status":"closed","template":"elementor_canvas","meta":{"pmpro_default_level":"","footnotes":""},"class_list":{"0":"post-13044","1":"page","2":"type-page","3":"status-publish","5":"pmpro-has-access"},"yoast_head":"<!-- This site is optimized with the Yoast SEO plugin v25.3.1 - https:\/\/yoast.com\/wordpress\/plugins\/seo\/ -->\n<title>Politique de confidentialit\u00e9 - Passages Coaching<\/title>\n<meta name=\"robots\" content=\"index, follow, max-snippet:-1, max-image-preview:large, max-video-preview:-1\" \/>\n<link rel=\"canonical\" href=\"https:\/\/passagescoaching.ca\/?page_id=13044\" \/>\n<meta property=\"og:locale\" content=\"fr_CA\" \/>\n<meta property=\"og:type\" content=\"article\" \/>\n<meta property=\"og:title\" content=\"Politique de confidentialit\u00e9 - Passages Coaching\" \/>\n<meta property=\"og:description\" content=\"POLITIQUE DE CONFIDENTIALIT\u00c9 PASSAGES COACHING INC. Devant le d\u00e9veloppement des&hellip;  Lire la suite\" \/>\n<meta property=\"og:url\" content=\"https:\/\/passagescoaching.ca\/?page_id=13044\" \/>\n<meta property=\"og:site_name\" content=\"Passages Coaching\" \/>\n<meta property=\"article:modified_time\" content=\"2024-01-07T07:13:21+00:00\" \/>\n<meta name=\"twitter:card\" content=\"summary_large_image\" \/>\n<meta name=\"twitter:label1\" content=\"Estimation du temps de lecture\" \/>\n\t<meta name=\"twitter:data1\" content=\"5 minutes\" \/>\n<script type=\"application\/ld+json\" class=\"yoast-schema-graph\">{\"@context\":\"https:\/\/schema.org\",\"@graph\":[{\"@type\":\"WebPage\",\"@id\":\"https:\/\/passagescoaching.ca\/?page_id=13044\",\"url\":\"https:\/\/passagescoaching.ca\/?page_id=13044\",\"name\":\"Politique de confidentialit\u00e9 - Passages Coaching\",\"isPartOf\":{\"@id\":\"https:\/\/passagescoaching.ca\/#website\"},\"datePublished\":\"2024-01-07T06:57:26+00:00\",\"dateModified\":\"2024-01-07T07:13:21+00:00\",\"breadcrumb\":{\"@id\":\"https:\/\/passagescoaching.ca\/?page_id=13044#breadcrumb\"},\"inLanguage\":\"fr-CA\",\"potentialAction\":[{\"@type\":\"ReadAction\",\"target\":[\"https:\/\/passagescoaching.ca\/?page_id=13044\"]}]},{\"@type\":\"BreadcrumbList\",\"@id\":\"https:\/\/passagescoaching.ca\/?page_id=13044#breadcrumb\",\"itemListElement\":[{\"@type\":\"ListItem\",\"position\":1,\"name\":\"Home\",\"item\":\"https:\/\/passagescoaching.ca\/\"},{\"@type\":\"ListItem\",\"position\":2,\"name\":\"Politique de confidentialit\u00e9\"}]},{\"@type\":\"WebSite\",\"@id\":\"https:\/\/passagescoaching.ca\/#website\",\"url\":\"https:\/\/passagescoaching.ca\/\",\"name\":\"Passages Coaching\",\"description\":\"\u00catre sur son X...Un Pas Sage \u00e0 la fois\",\"publisher\":{\"@id\":\"https:\/\/passagescoaching.ca\/#organization\"},\"potentialAction\":[{\"@type\":\"SearchAction\",\"target\":{\"@type\":\"EntryPoint\",\"urlTemplate\":\"https:\/\/passagescoaching.ca\/?s={search_term_string}\"},\"query-input\":{\"@type\":\"PropertyValueSpecification\",\"valueRequired\":true,\"valueName\":\"search_term_string\"}}],\"inLanguage\":\"fr-CA\"},{\"@type\":\"Organization\",\"@id\":\"https:\/\/passagescoaching.ca\/#organization\",\"name\":\"Passages Coaching\",\"url\":\"https:\/\/passagescoaching.ca\/\",\"logo\":{\"@type\":\"ImageObject\",\"inLanguage\":\"fr-CA\",\"@id\":\"https:\/\/passagescoaching.ca\/#\/schema\/logo\/image\/\",\"url\":\"https:\/\/passagescoaching.ca\/wp-content\/uploads\/2023\/04\/cropped-image001-scaled-1.jpg\",\"contentUrl\":\"https:\/\/passagescoaching.ca\/wp-content\/uploads\/2023\/04\/cropped-image001-scaled-1.jpg\",\"width\":2560,\"height\":686,\"caption\":\"Passages Coaching\"},\"image\":{\"@id\":\"https:\/\/passagescoaching.ca\/#\/schema\/logo\/image\/\"}}]}<\/script>\n<!-- \/ Yoast SEO plugin. -->","yoast_head_json":{"title":"Politique de confidentialit\u00e9 - Passages Coaching","robots":{"index":"index","follow":"follow","max-snippet":"max-snippet:-1","max-image-preview":"max-image-preview:large","max-video-preview":"max-video-preview:-1"},"canonical":"https:\/\/passagescoaching.ca\/?page_id=13044","og_locale":"fr_CA","og_type":"article","og_title":"Politique de confidentialit\u00e9 - Passages Coaching","og_description":"POLITIQUE DE CONFIDENTIALIT\u00c9 PASSAGES COACHING INC. Devant le d\u00e9veloppement des&hellip;  Lire la suite","og_url":"https:\/\/passagescoaching.ca\/?page_id=13044","og_site_name":"Passages Coaching","article_modified_time":"2024-01-07T07:13:21+00:00","twitter_card":"summary_large_image","twitter_misc":{"Estimation du temps de lecture":"5 minutes"},"schema":{"@context":"https:\/\/schema.org","@graph":[{"@type":"WebPage","@id":"https:\/\/passagescoaching.ca\/?page_id=13044","url":"https:\/\/passagescoaching.ca\/?page_id=13044","name":"Politique de confidentialit\u00e9 - Passages Coaching","isPartOf":{"@id":"https:\/\/passagescoaching.ca\/#website"},"datePublished":"2024-01-07T06:57:26+00:00","dateModified":"2024-01-07T07:13:21+00:00","breadcrumb":{"@id":"https:\/\/passagescoaching.ca\/?page_id=13044#breadcrumb"},"inLanguage":"fr-CA","potentialAction":[{"@type":"ReadAction","target":["https:\/\/passagescoaching.ca\/?page_id=13044"]}]},{"@type":"BreadcrumbList","@id":"https:\/\/passagescoaching.ca\/?page_id=13044#breadcrumb","itemListElement":[{"@type":"ListItem","position":1,"name":"Home","item":"https:\/\/passagescoaching.ca\/"},{"@type":"ListItem","position":2,"name":"Politique de confidentialit\u00e9"}]},{"@type":"WebSite","@id":"https:\/\/passagescoaching.ca\/#website","url":"https:\/\/passagescoaching.ca\/","name":"Passages Coaching","description":"\u00catre sur son X...Un Pas Sage \u00e0 la fois","publisher":{"@id":"https:\/\/passagescoaching.ca\/#organization"},"potentialAction":[{"@type":"SearchAction","target":{"@type":"EntryPoint","urlTemplate":"https:\/\/passagescoaching.ca\/?s={search_term_string}"},"query-input":{"@type":"PropertyValueSpecification","valueRequired":true,"valueName":"search_term_string"}}],"inLanguage":"fr-CA"},{"@type":"Organization","@id":"https:\/\/passagescoaching.ca\/#organization","name":"Passages Coaching","url":"https:\/\/passagescoaching.ca\/","logo":{"@type":"ImageObject","inLanguage":"fr-CA","@id":"https:\/\/passagescoaching.ca\/#\/schema\/logo\/image\/","url":"https:\/\/passagescoaching.ca\/wp-content\/uploads\/2023\/04\/cropped-image001-scaled-1.jpg","contentUrl":"https:\/\/passagescoaching.ca\/wp-content\/uploads\/2023\/04\/cropped-image001-scaled-1.jpg","width":2560,"height":686,"caption":"Passages Coaching"},"image":{"@id":"https:\/\/passagescoaching.ca\/#\/schema\/logo\/image\/"}}]}},"jetpack_sharing_enabled":true,"_links":{"self":[{"href":"https:\/\/passagescoaching.ca\/index.php?rest_route=\/wp\/v2\/pages\/13044","targetHints":{"allow":["GET"]}}],"collection":[{"href":"https:\/\/passagescoaching.ca\/index.php?rest_route=\/wp\/v2\/pages"}],"about":[{"href":"https:\/\/passagescoaching.ca\/index.php?rest_route=\/wp\/v2\/types\/page"}],"author":[{"embeddable":true,"href":"https:\/\/passagescoaching.ca\/index.php?rest_route=\/wp\/v2\/users\/1"}],"replies":[{"embeddable":true,"href":"https:\/\/passagescoaching.ca\/index.php?rest_route=%2Fwp%2Fv2%2Fcomments&post=13044"}],"version-history":[{"count":28,"href":"https:\/\/passagescoaching.ca\/index.php?rest_route=\/wp\/v2\/pages\/13044\/revisions"}],"predecessor-version":[{"id":13074,"href":"https:\/\/passagescoaching.ca\/index.php?rest_route=\/wp\/v2\/pages\/13044\/revisions\/13074"}],"wp:attachment":[{"href":"https:\/\/passagescoaching.ca\/index.php?rest_route=%2Fwp%2Fv2%2Fmedia&parent=13044"}],"curies":[{"name":"wp","href":"https:\/\/api.w.org\/{rel}","templated":true}]}}