{"id":13107,"date":"2024-01-16T18:17:22","date_gmt":"2024-01-16T18:17:22","guid":{"rendered":"https:\/\/passagescoaching.ca\/?page_id=13107"},"modified":"2024-01-16T18:26:34","modified_gmt":"2024-01-16T18:26:34","slug":"conditions","status":"publish","type":"page","link":"https:\/\/passagescoaching.ca\/?page_id=13107","title":{"rendered":"Conditions d&rsquo;utilisation"},"content":{"rendered":"\t\t<div data-elementor-type=\"wp-page\" data-elementor-id=\"13107\" class=\"elementor elementor-13107\">\n\t\t\t\t\t\t<section class=\"elementor-section elementor-top-section elementor-element elementor-element-9851aab elementor-section-height-min-height elementor-section-boxed elementor-section-height-default elementor-section-items-middle wpr-particle-no wpr-jarallax-no wpr-parallax-no wpr-sticky-section-no\" data-id=\"9851aab\" data-element_type=\"section\" data-settings=\"{&quot;background_background&quot;:&quot;classic&quot;}\">\n\t\t\t\t\t\t\t<div class=\"elementor-background-overlay\"><\/div>\n\t\t\t\t\t\t\t<div class=\"elementor-container elementor-column-gap-default\">\n\t\t\t\t\t<div class=\"elementor-column elementor-col-100 elementor-top-column elementor-element elementor-element-e1726a4 elementor-invisible\" data-id=\"e1726a4\" data-element_type=\"column\" data-settings=\"{&quot;animation&quot;:&quot;fadeIn&quot;}\">\n\t\t\t<div class=\"elementor-widget-wrap elementor-element-populated\">\n\t\t\t\t\t\t<div class=\"elementor-element elementor-element-7fe714c elementor-widget__width-initial elementor-widget elementor-widget-heading\" data-id=\"7fe714c\" data-element_type=\"widget\" data-widget_type=\"heading.default\">\n\t\t\t\t<div class=\"elementor-widget-container\">\n\t\t\t\t\t<h2 class=\"elementor-heading-title elementor-size-default\">POLITIQUE DE CONFIDENTIALIT\u00c9<\/h2>\t\t\t\t<\/div>\n\t\t\t\t<\/div>\n\t\t\t\t\t<\/div>\n\t\t<\/div>\n\t\t\t\t\t<\/div>\n\t\t<\/section>\n\t\t\t\t<section class=\"elementor-section elementor-top-section elementor-element elementor-element-376df1b elementor-section-boxed elementor-section-height-default elementor-section-height-default wpr-particle-no wpr-jarallax-no wpr-parallax-no wpr-sticky-section-no\" data-id=\"376df1b\" data-element_type=\"section\">\n\t\t\t\t\t\t<div class=\"elementor-container elementor-column-gap-default\">\n\t\t\t\t\t<div class=\"elementor-column elementor-col-100 elementor-top-column elementor-element elementor-element-fe3e48b\" data-id=\"fe3e48b\" data-element_type=\"column\">\n\t\t\t<div class=\"elementor-widget-wrap elementor-element-populated\">\n\t\t\t\t\t\t<div class=\"elementor-element elementor-element-05d90d6 elementor-widget elementor-widget-text-editor\" data-id=\"05d90d6\" data-element_type=\"widget\" data-widget_type=\"text-editor.default\">\n\t\t\t\t<div class=\"elementor-widget-container\">\n\t\t\t\t\t\t\t\t\t<section class=\"elementor-section elementor-top-section elementor-element elementor-element-cafe1c1 elementor-section-boxed elementor-section-height-default elementor-section-height-default\" data-id=\"cafe1c1\" data-element_type=\"section\"><div class=\"elementor-container elementor-column-gap-default\"><div class=\"elementor-column elementor-col-100 elementor-top-column elementor-element elementor-element-efca011\" data-id=\"efca011\" data-element_type=\"column\"><div class=\"elementor-widget-wrap elementor-element-populated\"><div class=\"elementor-element elementor-element-4cc53a5 elementor-widget elementor-widget-heading\" data-id=\"4cc53a5\" data-element_type=\"widget\" data-widget_type=\"heading.default\"><div class=\"elementor-widget-container\"><h2 class=\"elementor-heading-title elementor-size-default\">CONDITIONS G\u00c9N\u00c9RALES D&rsquo;UTILISATIONS<\/h2><\/div><\/div><\/div><\/div><\/div><\/section><section class=\"elementor-section elementor-top-section elementor-element elementor-element-f560139 elementor-section-stretched elementor-section-boxed elementor-section-height-default elementor-section-height-default\" data-id=\"f560139\" data-element_type=\"section\" data-settings=\"{&quot;stretch_section&quot;:&quot;section-stretched&quot;}\"><div class=\"elementor-container elementor-column-gap-default\"><div class=\"elementor-column elementor-col-100 elementor-top-column elementor-element elementor-element-c20a330\" data-id=\"c20a330\" data-element_type=\"column\"><div class=\"elementor-widget-wrap elementor-element-populated\"><div class=\"elementor-element elementor-element-50d91f4d elementor-widget elementor-widget-text-editor\" data-id=\"50d91f4d\" data-element_type=\"widget\" data-widget_type=\"text-editor.default\"><div class=\"elementor-widget-container\"><p><strong>PRI\u00c8RE DE LIRE LES CONDITIONS G\u00c9N\u00c9RALES AVANT D\u2019UTILISER LE SITE<\/strong><br \/>Les conditions g\u00e9n\u00e9rales qui suivent gouvernent et s\u2019appliquent \u00e0 votre utilisation ou recours au site maintenu par PasSages Coaching inc. (le site). En acc\u00e9dant au site ou en y naviguant, vous d\u00e9clarez avoir lu et compris les conditions g\u00e9n\u00e9rales d\u2019utilisation et d\u00e9clarez \u00eatre li\u00e9s par ces conditions. Veuillez noter que nous pouvons modifier les conditions d\u2019utilisation \u00e0 tout moment et sans pr\u00e9avis. Votre utilisation continue du site sera consid\u00e9r\u00e9e comme votre acceptation des conditions g\u00e9n\u00e9rales r\u00e9vis\u00e9es.<\/p><p>PROPRI\u00c9T\u00c9 INTELLECTUELLE<br \/>Toute propri\u00e9t\u00e9 intellectuelle sur le site est poss\u00e9d\u00e9e par nous ou nos conc\u00e9dants et inclut tout \u00e9l\u00e9ment prot\u00e9g\u00e9 par droits d\u2019auteur, marque de commerce ou brevet. Toutes les marques d\u00e9pos\u00e9es sont poss\u00e9d\u00e9es, enregistr\u00e9es et\/ou sous licence par nous. Tout le contenu sur le site y compris, mais sans s\u2019y limiter, le texte, le logiciel, le code, la conception, les graphiques, les photos, les sons, la musique, les vid\u00e9os, les applications, les fonctionnalit\u00e9s interactives ainsi que tout autres contenu, est une oeuvre collective sous le droit canadien ou sous tout autre droit des droits d\u2019auteur et est la propri\u00e9t\u00e9 de PasSages Coaching inc.<\/p><p>UTILISATION DU CONTENU DE L\u2019ENTREPRISE<br \/>Nous pouvons vous fournir certaines informations en raison de votre utilisation du site, y compris, sans s\u2019y limiter, des documents, des donn\u00e9es ou des informations d\u00e9velopp\u00e9es par nous, ou tout autre \u00e9l\u00e9ment qui pourrait vous aider dans l\u2019utilisation du site ou des services (le \u00ab Contenu de l\u2019Entreprise \u00bb). Le Contenu de l\u2019Entreprise ne peut \u00eatre utilis\u00e9 pour aucun autre objet que l\u2019utilisation du site et des services offerts sur le site. Rien dans les pr\u00e9sentes ne peut \u00eatre interpr\u00e9t\u00e9 comme vous attribuant une licence ou des droits de propri\u00e9t\u00e9 intellectuelle.<\/p><p>UTILISATION ACCEPTABLE DU SITE<br \/>Vous acceptez de ne pas utiliser le site pour des fins illicites ou toute autre fin interdite en vertu de la pr\u00e9sente clause. Vous acceptez de ne pas utiliser le site de quelconque fa\u00e7on qui pourrait nuire au site, aux services ou \u00e0 l\u2019activit\u00e9 commerciale de PasSages Coaching inc. Vous acceptez \u00e9galement de ne pas utiliser le site pour les fins suivantes : harceler, abuser ou menacer autrui ou autrement violer les droits d\u2019une personne ; violer la propri\u00e9t\u00e9 intellectuelle de PasSages Coaching inc. ou de toute autre tierce partie ; t\u00e9l\u00e9charger ou transmettre des virus informatiques ou tout autre logiciel qui pourrait endommager la propri\u00e9t\u00e9 de PasSages Coaching inc. ou d\u2019autrui ; commettre une fraude ; cr\u00e9er des activit\u00e9s de jeu, de la loterie ou un syst\u00e8me pyramidal illicite ou y participer ; publier ou distribuer du mat\u00e9riel obsc\u00e8ne ou diffamatoire ; publier ou distribuer tout mat\u00e9riel qui incite \u00e8 la violence, \u00e0 la haine, ou \u00e0 la discrimination de quelque groupe que ce soit ; et\/ou recueillir illicitement des informations sur autrui<\/p><p>PROTECTION DE LA VIE PRIV\u00c9E<br \/>En utilisant notre site, il est possible que vous nous fournissiez certaines informations. En utilisant le site, vous nous autorisez \u00e0 utiliser vos informations au Canada et dans tout pays dans lequel nous pourrions op\u00e9rer. Lorsque vous vous inscrivez pour un compte d\u2019utilisateur, vous nous fournissez une adresse courriel valide et vous pourriez \u00e9galement nous fournir certaines informations additionnelles, telles que votre nom et\/ou vos informations de facturation. Selon l\u2019utilisation que vous faites de notre site, nous pouvons \u00e9galement recevoir de l\u2019information d\u2019applications externes que vous utilisez pour acc\u00e9der \u00e0 notre site ou nous pouvons recevoir de l\u2019information sur vous par diverses technologies du web telles que les cookies, les historiques, les pixels invisibles (aussi appel\u00e9s \u00ab GIF invisibles \u00bb), les balises et autres. Nous utilisons l\u2019information recueillie aupr\u00e8s de vous pour nous assurer que vous assurez une bonne exp\u00e9rience sur le site. Nous pouvons aussi tracer une partie de l\u2019information passive re\u00e7ue pour am\u00e9liorer notre marketing et analytique et, pour ce faire, il se peut que nous travaillions avec des fournisseurs tiers. Si vous d\u00e9sirez bloquer notre acc\u00e8s \u00e0 toute information passive que nous recevons de l\u2019utilisation de diverses technologies, vous pouvez choisir d\u2019inactiver les cookies dans votre navigateur web. Sachez que nous recevons tout de m\u00eame les informations vous concernant que vous nous fournirez, tel que votre adresse courriel. Si vous choisissez de r\u00e9silier votre compte, nous entreposons et retiendrons vos informations pendant la dur\u00e9e de temps suivante: 1 an. Apr\u00e8s ce temps, toute information \u00e0 votre sujet sera effac\u00e9e.<\/p><p>D\u00c9GAGEMENT DE RESPONSABILIT\u00c9<br \/>Notre site existe pour des fins de communications seulement. Vous reconnaissez et convenez que toute information publi\u00e9e sur notre site n\u2019est pas destin\u00e9e \u00e0 \u00eatre un avis juridique, m\u00e9dical ou financier et aucun rapport fiduciaire n\u2019a \u00e9t\u00e9 cr\u00e9\u00e9 entre vous et PasSages Coaching inc. Vous convenez \u00e9galement que votre achat de services sur le site est \u00e0 vos propres risques. Nous ne sommes responsables en aucun cas des conseils ou de toute autre information v\u00e9hicul\u00e9s sur le site.<\/p><p>ING\u00c9NIERIE INVERSE ET S\u00c9CURIT\u00c9<br \/>Vous ne pouvez entreprendre aucune des actions qui suivent : Utiliser l\u2019ing\u00e9nierie inverse ou d\u00e9sassembler tout code ou logiciel sur ou de ce site ; Violer ou tenter de violer la s\u00e9curit\u00e9 du site par tout acc\u00e8s non autoris\u00e9, le contournement du cryptage ou de tout autre outil de s\u00e9curit\u00e9, l\u2019exploitation des donn\u00e9es ou l\u2019interf\u00e9rence avec tout h\u00f4te, utilisateur ou r\u00e9seau.<\/p><p>INDEMNISATION<br \/>Vous convenez de d\u00e9fendre, d\u00e9dommager et de tenir indemne PasSages Coaching inc. et ses entreprises affili\u00e9es contre toute r\u00e9clamation, poursuite ou demande, incluant les frais d\u2019avocats, qui pourrait d\u00e9couler de ou qui se rapporte \u00e0 votre utilisation ou votre abus du site, votre violation des pr\u00e9sentes ou votre conduite et vos actions. Si nous choisissons de le faire, nous choisirons notre avocat et participerons \u00e0 notre propre d\u00e9fense.<\/p><p>POLITIQUE CONCERNANT LES POURRIELS<br \/>Il vous est strictement interdit d\u2019utiliser le site ou tout service offert sur le site \u00e0 des fins d\u2019activit\u00e9s ill\u00e9gales reli\u00e9es aux pourriels, incluant la collecte d\u2019adresses et d\u2019informations personnelles d\u2019autrui ou l\u2019envoi de courriels commerciaux de masse.<\/p><p>LIENS ET CONTENU DE TIERS<br \/>Nous pouvons publier des liens menant \u00e0 des sites ou services de tiers. Nous ne sommes aucunement responsables de dommages ou pertes li\u00e9s \u00e0 l\u2019utilisation des services de tiers dont le lien se trouve sur notre site.<\/p><p>IND\u00c9PENDANCE DES CLAUSES<br \/>Si une des pr\u00e9sentes clauses est reconnue comme ill\u00e9gale, d\u00e9clar\u00e9e nulle ou inapplicable, en tout ou en partie, la portion inapplicable n\u2019affectera pas la validit\u00e9 et l\u2019applicabilit\u00e9 des autres clauses des pr\u00e9sentes conditions d\u2019utilisation.<\/p><p><strong>AUCUNE GARANTIE<\/strong><\/p><p>Bien que nous ayons d\u00e9ploy\u00e9 des efforts raisonnables pour nous assurer que le contenu du pr\u00e9sent site est exact, nous ne pouvons garantir que ledit contenu soit exempt d\u2019erreurs, \u00e0 jour ou exhaustif. En aucun cas, nous ne pourrons \u00eatre tenus responsables de tout dommage pouvant d\u00e9couler d\u2019une erreur se trouvant sur le site. Nous n\u2019assumons aucune responsabilit\u00e9 quant \u00e0 tout dommage d\u00e9coulant de la mauvaise utilisation du contenu du site. Nous ne pouvons non plus garantir que le site soit disponible sans interruption, sans erreur ni omission, ni que les d\u00e9fauts soient corrig\u00e9s. Il n\u2019est pas non plus possible de garantir que le site et les serveurs qui le rendent disponible sont exempts de virus ou de composantes nuisibles. Le site et son contenu sont fournis \u00ab tels quels \u00bb et \u00ab selon la disponibilit\u00e9 \u00bb sans d\u00e9claration, garantie ou condition de quelque nature que ce soit, expresse ou implicite. Si vous d\u00e9cidez de vous abonner \u00e0 des services ou \u00e0 des fonctions du site qui n\u00e9cessitent un abonnement, vous acceptez de fournir des renseignements exacts et \u00e0 jour \u00e0 votre sujet comme l\u2019exige le processus d\u2019inscription ou d\u2019abonnement pertinent, et de vous assurer de leur exactitude en effectuant les mises \u00e0 jour n\u00e9cessaires d\u00e8s que possible. Vous acceptez d\u2019assurer la confidentialit\u00e9 de tous les mots de passe ou autres identificateurs de compte que vous aurez choisis ou qui vous seront attribu\u00e9s au moment d\u2019une inscription ou d\u2019un abonnement sur PasSages Coaching inc. ou ses partenaires et d\u2019assumer la responsabilit\u00e9 \u00e0 l\u2019\u00e9gard de toutes les activit\u00e9s reli\u00e9es \u00e0 l\u2019utilisation de ces mots de passe ou de ces comptes. De plus, vous acceptez de nous pr\u00e9venir de toute utilisation non autoris\u00e9e de votre mot de passe ou de votre compte de membre. Nous ne pouvons aucunement \u00eatre tenus responsables, directement ou indirectement, des pertes ou dommages de quelque nature que ce soit d\u00e9coulant du d\u00e9faut de vous conformer \u00e0 la pr\u00e9sente disposition ou li\u00e9s \u00e0 un tel d\u00e9faut. Vous reconnaissez que nous pouvons, \u00e0 notre seule et absolue discr\u00e9tion, et ce, sans pr\u00e9avis, suspendre, annuler ou mettre fin \u00e0 votre compte, \u00e0 votre utilisation ou \u00e0 votre acc\u00e8s au site ou \u00e0 un de ses services, et retirer et supprimer tout renseignement ou contenu se rapportant au site ou \u00e0 un des services offerts (et mettre fin \u00e0 l\u2019utilisation que vous en faites), pour quelque motif que ce soit, y compris si nous croyons que vous avez viol\u00e9 les pr\u00e9sentes conditions. En outre, vous reconnaissez que nous ne serons aucunement responsables envers vous ou envers quiconque \u00e0 la suite d\u2019une telle suspension, annulation ou fin. Si vous \u00eates insatisfait de PasSages Coaching inc. ou d\u2019un de ses services, ou d\u2019une des pr\u00e9sentes conditions, des r\u00e8gles, des politiques, des lignes directrices ou de nos pratiques relativement \u00e0 l\u2019exploitation de PasSages Coaching inc. ou d\u2019un de ses services, votre seul recours consiste \u00e0 cesser d\u2019utiliser le site ou le service en question.<\/p><p><strong>CONFIDENTIALIT\u00c9<\/strong><br \/>Les communications via Internet sont sujettes \u00e0 interception, perte ou alt\u00e9ration, par cons\u00e9quent, vous reconnaissez que les renseignements ou \u00e9l\u00e9ments que vous fournissez par voie \u00e9lectronique du fait que vous acc\u00e9dez \u00e0 ce site ou en faites usage ne sont ni confidentiels ni exclusifs, sauf dans la mesure requise par les lois applicables et que les communications par courrier \u00e9lectronique non prot\u00e9g\u00e9es sur Internet peuvent \u00eatre intercept\u00e9es, alt\u00e9r\u00e9es ou se perdre. Pour toute question ou pour obtenir de plus amples renseignements, nous vous prions de communiquer avec PasSages Coaching inc. \u00e0 l\u2019adresse \u00e9lectronique : luc.lafontaine@passagescoaching.ca<\/p><p>Fait le 16 janvier 2024 \u00e0 Marsoui.<\/p><\/div><\/div><\/div><\/div><\/div><\/section>\t\t\t\t\t\t\t\t<\/div>\n\t\t\t\t<\/div>\n\t\t\t\t\t<\/div>\n\t\t<\/div>\n\t\t\t\t\t<\/div>\n\t\t<\/section>\n\t\t\t\t<\/div>\n\t\t","protected":false},"excerpt":{"rendered":"<p>POLITIQUE DE CONFIDENTIALIT\u00c9 CONDITIONS G\u00c9N\u00c9RALES D&rsquo;UTILISATIONS PRI\u00c8RE DE LIRE LES&hellip;<\/p>\n<p> <a class=\"more-link\" href=\"https:\/\/passagescoaching.ca\/?page_id=13107\">Lire la suite<\/a><\/p>\n","protected":false},"author":1,"featured_media":0,"parent":0,"menu_order":0,"comment_status":"closed","ping_status":"closed","template":"elementor_canvas","meta":{"pmpro_default_level":"","footnotes":""},"class_list":{"0":"post-13107","1":"page","2":"type-page","3":"status-publish","5":"pmpro-has-access"},"yoast_head":"<!-- This site is optimized with the Yoast SEO plugin v25.3.1 - https:\/\/yoast.com\/wordpress\/plugins\/seo\/ -->\n<title>Conditions d&#039;utilisation - Passages Coaching<\/title>\n<meta name=\"robots\" content=\"index, follow, max-snippet:-1, max-image-preview:large, max-video-preview:-1\" \/>\n<link rel=\"canonical\" href=\"https:\/\/passagescoaching.ca\/?page_id=13107\" \/>\n<meta property=\"og:locale\" content=\"fr_CA\" \/>\n<meta property=\"og:type\" content=\"article\" \/>\n<meta property=\"og:title\" content=\"Conditions d&#039;utilisation - Passages Coaching\" \/>\n<meta property=\"og:description\" content=\"POLITIQUE DE CONFIDENTIALIT\u00c9 CONDITIONS G\u00c9N\u00c9RALES D&rsquo;UTILISATIONS PRI\u00c8RE DE LIRE LES&hellip;  Lire la suite\" \/>\n<meta property=\"og:url\" content=\"https:\/\/passagescoaching.ca\/?page_id=13107\" \/>\n<meta property=\"og:site_name\" content=\"Passages Coaching\" \/>\n<meta property=\"article:modified_time\" content=\"2024-01-16T18:26:34+00:00\" \/>\n<meta name=\"twitter:card\" content=\"summary_large_image\" \/>\n<meta name=\"twitter:label1\" content=\"Estimation du temps de lecture\" \/>\n\t<meta name=\"twitter:data1\" content=\"17 minutes\" \/>\n<script type=\"application\/ld+json\" class=\"yoast-schema-graph\">{\"@context\":\"https:\/\/schema.org\",\"@graph\":[{\"@type\":\"WebPage\",\"@id\":\"https:\/\/passagescoaching.ca\/?page_id=13107\",\"url\":\"https:\/\/passagescoaching.ca\/?page_id=13107\",\"name\":\"Conditions d'utilisation - Passages Coaching\",\"isPartOf\":{\"@id\":\"https:\/\/passagescoaching.ca\/#website\"},\"datePublished\":\"2024-01-16T18:17:22+00:00\",\"dateModified\":\"2024-01-16T18:26:34+00:00\",\"breadcrumb\":{\"@id\":\"https:\/\/passagescoaching.ca\/?page_id=13107#breadcrumb\"},\"inLanguage\":\"fr-CA\",\"potentialAction\":[{\"@type\":\"ReadAction\",\"target\":[\"https:\/\/passagescoaching.ca\/?page_id=13107\"]}]},{\"@type\":\"BreadcrumbList\",\"@id\":\"https:\/\/passagescoaching.ca\/?page_id=13107#breadcrumb\",\"itemListElement\":[{\"@type\":\"ListItem\",\"position\":1,\"name\":\"Home\",\"item\":\"https:\/\/passagescoaching.ca\/\"},{\"@type\":\"ListItem\",\"position\":2,\"name\":\"Conditions d&#8217;utilisation\"}]},{\"@type\":\"WebSite\",\"@id\":\"https:\/\/passagescoaching.ca\/#website\",\"url\":\"https:\/\/passagescoaching.ca\/\",\"name\":\"Passages Coaching\",\"description\":\"\u00catre sur son X...Un Pas Sage \u00e0 la fois\",\"publisher\":{\"@id\":\"https:\/\/passagescoaching.ca\/#organization\"},\"potentialAction\":[{\"@type\":\"SearchAction\",\"target\":{\"@type\":\"EntryPoint\",\"urlTemplate\":\"https:\/\/passagescoaching.ca\/?s={search_term_string}\"},\"query-input\":{\"@type\":\"PropertyValueSpecification\",\"valueRequired\":true,\"valueName\":\"search_term_string\"}}],\"inLanguage\":\"fr-CA\"},{\"@type\":\"Organization\",\"@id\":\"https:\/\/passagescoaching.ca\/#organization\",\"name\":\"Passages Coaching\",\"url\":\"https:\/\/passagescoaching.ca\/\",\"logo\":{\"@type\":\"ImageObject\",\"inLanguage\":\"fr-CA\",\"@id\":\"https:\/\/passagescoaching.ca\/#\/schema\/logo\/image\/\",\"url\":\"https:\/\/passagescoaching.ca\/wp-content\/uploads\/2023\/04\/cropped-image001-scaled-1.jpg\",\"contentUrl\":\"https:\/\/passagescoaching.ca\/wp-content\/uploads\/2023\/04\/cropped-image001-scaled-1.jpg\",\"width\":2560,\"height\":686,\"caption\":\"Passages Coaching\"},\"image\":{\"@id\":\"https:\/\/passagescoaching.ca\/#\/schema\/logo\/image\/\"}}]}<\/script>\n<!-- \/ Yoast SEO plugin. -->","yoast_head_json":{"title":"Conditions d'utilisation - Passages Coaching","robots":{"index":"index","follow":"follow","max-snippet":"max-snippet:-1","max-image-preview":"max-image-preview:large","max-video-preview":"max-video-preview:-1"},"canonical":"https:\/\/passagescoaching.ca\/?page_id=13107","og_locale":"fr_CA","og_type":"article","og_title":"Conditions d'utilisation - Passages Coaching","og_description":"POLITIQUE DE CONFIDENTIALIT\u00c9 CONDITIONS G\u00c9N\u00c9RALES D&rsquo;UTILISATIONS PRI\u00c8RE DE LIRE LES&hellip;  Lire la suite","og_url":"https:\/\/passagescoaching.ca\/?page_id=13107","og_site_name":"Passages Coaching","article_modified_time":"2024-01-16T18:26:34+00:00","twitter_card":"summary_large_image","twitter_misc":{"Estimation du temps de lecture":"17 minutes"},"schema":{"@context":"https:\/\/schema.org","@graph":[{"@type":"WebPage","@id":"https:\/\/passagescoaching.ca\/?page_id=13107","url":"https:\/\/passagescoaching.ca\/?page_id=13107","name":"Conditions d'utilisation - Passages Coaching","isPartOf":{"@id":"https:\/\/passagescoaching.ca\/#website"},"datePublished":"2024-01-16T18:17:22+00:00","dateModified":"2024-01-16T18:26:34+00:00","breadcrumb":{"@id":"https:\/\/passagescoaching.ca\/?page_id=13107#breadcrumb"},"inLanguage":"fr-CA","potentialAction":[{"@type":"ReadAction","target":["https:\/\/passagescoaching.ca\/?page_id=13107"]}]},{"@type":"BreadcrumbList","@id":"https:\/\/passagescoaching.ca\/?page_id=13107#breadcrumb","itemListElement":[{"@type":"ListItem","position":1,"name":"Home","item":"https:\/\/passagescoaching.ca\/"},{"@type":"ListItem","position":2,"name":"Conditions d&#8217;utilisation"}]},{"@type":"WebSite","@id":"https:\/\/passagescoaching.ca\/#website","url":"https:\/\/passagescoaching.ca\/","name":"Passages Coaching","description":"\u00catre sur son X...Un Pas Sage \u00e0 la fois","publisher":{"@id":"https:\/\/passagescoaching.ca\/#organization"},"potentialAction":[{"@type":"SearchAction","target":{"@type":"EntryPoint","urlTemplate":"https:\/\/passagescoaching.ca\/?s={search_term_string}"},"query-input":{"@type":"PropertyValueSpecification","valueRequired":true,"valueName":"search_term_string"}}],"inLanguage":"fr-CA"},{"@type":"Organization","@id":"https:\/\/passagescoaching.ca\/#organization","name":"Passages Coaching","url":"https:\/\/passagescoaching.ca\/","logo":{"@type":"ImageObject","inLanguage":"fr-CA","@id":"https:\/\/passagescoaching.ca\/#\/schema\/logo\/image\/","url":"https:\/\/passagescoaching.ca\/wp-content\/uploads\/2023\/04\/cropped-image001-scaled-1.jpg","contentUrl":"https:\/\/passagescoaching.ca\/wp-content\/uploads\/2023\/04\/cropped-image001-scaled-1.jpg","width":2560,"height":686,"caption":"Passages Coaching"},"image":{"@id":"https:\/\/passagescoaching.ca\/#\/schema\/logo\/image\/"}}]}},"jetpack_sharing_enabled":true,"_links":{"self":[{"href":"https:\/\/passagescoaching.ca\/index.php?rest_route=\/wp\/v2\/pages\/13107","targetHints":{"allow":["GET"]}}],"collection":[{"href":"https:\/\/passagescoaching.ca\/index.php?rest_route=\/wp\/v2\/pages"}],"about":[{"href":"https:\/\/passagescoaching.ca\/index.php?rest_route=\/wp\/v2\/types\/page"}],"author":[{"embeddable":true,"href":"https:\/\/passagescoaching.ca\/index.php?rest_route=\/wp\/v2\/users\/1"}],"replies":[{"embeddable":true,"href":"https:\/\/passagescoaching.ca\/index.php?rest_route=%2Fwp%2Fv2%2Fcomments&post=13107"}],"version-history":[{"count":4,"href":"https:\/\/passagescoaching.ca\/index.php?rest_route=\/wp\/v2\/pages\/13107\/revisions"}],"predecessor-version":[{"id":13111,"href":"https:\/\/passagescoaching.ca\/index.php?rest_route=\/wp\/v2\/pages\/13107\/revisions\/13111"}],"wp:attachment":[{"href":"https:\/\/passagescoaching.ca\/index.php?rest_route=%2Fwp%2Fv2%2Fmedia&parent=13107"}],"curies":[{"name":"wp","href":"https:\/\/api.w.org\/{rel}","templated":true}]}}